{"id":35250,"date":"2026-03-30T10:14:31","date_gmt":"2026-03-30T10:14:31","guid":{"rendered":"https:\/\/shop-pop.nl\/?post_type=product&#038;p=35250"},"modified":"2026-03-30T10:34:03","modified_gmt":"2026-03-30T10:34:03","slug":"de-reiger-tas-met-naam","status":"publish","type":"product","link":"https:\/\/shop-pop.nl\/en\/product\/de-reiger-tas-met-naam\/","title":{"rendered":"De Reiger tas met naam"},"content":{"rendered":"<ul>\n<li>stevige katoenen tas<\/li>\n<li>100% organic katoen, 340 g\/m2<\/li>\n<li>38 x 42 cm<\/li>\n<\/ul>","protected":false},"excerpt":{"rendered":"<p>Stevige katoenen shopper met grote De Reiger print + je naam in \u00e9\u00e9n kleur. Kies zelf je favoriete kleur tas \u00e9n de opdruk en maak &#8216;m zo nog meer van jou!<\/p>\n<p>&nbsp;<\/p>","protected":false},"featured_media":35265,"comment_status":"closed","ping_status":"closed","template":"","meta":{"_acf_changed":false},"product_brand":[],"product_cat":[662],"product_tag":[],"class_list":{"0":"post-35250","1":"product","2":"type-product","3":"status-publish","4":"has-post-thumbnail","6":"product_cat-pop-x-de-reiger","7":"product_shipping_class-bbp","9":"first","10":"instock","11":"taxable","12":"shipping-taxable","13":"purchasable","14":"product-type-variable","15":"layout-style-2","16":"col-md-4 col-sm-4 col-xs-6","17":"col-lg-3","18":"product-has-gallery","19":"product-style-default"},"acf":[],"_links":{"self":[{"href":"https:\/\/shop-pop.nl\/en\/wp-json\/wp\/v2\/product\/35250","targetHints":{"allow":["GET"]}}],"collection":[{"href":"https:\/\/shop-pop.nl\/en\/wp-json\/wp\/v2\/product"}],"about":[{"href":"https:\/\/shop-pop.nl\/en\/wp-json\/wp\/v2\/types\/product"}],"replies":[{"embeddable":true,"href":"https:\/\/shop-pop.nl\/en\/wp-json\/wp\/v2\/comments?post=35250"}],"wp:featuredmedia":[{"embeddable":true,"href":"https:\/\/shop-pop.nl\/en\/wp-json\/wp\/v2\/media\/35265"}],"wp:attachment":[{"href":"https:\/\/shop-pop.nl\/en\/wp-json\/wp\/v2\/media?parent=35250"}],"wp:term":[{"taxonomy":"product_brand","embeddable":true,"href":"https:\/\/shop-pop.nl\/en\/wp-json\/wp\/v2\/product_brand?post=35250"},{"taxonomy":"product_cat","embeddable":true,"href":"https:\/\/shop-pop.nl\/en\/wp-json\/wp\/v2\/product_cat?post=35250"},{"taxonomy":"product_tag","embeddable":true,"href":"https:\/\/shop-pop.nl\/en\/wp-json\/wp\/v2\/product_tag?post=35250"}],"curies":[{"name":"wp","href":"https:\/\/api.w.org\/{rel}","templated":true}]}}