{"id":18908,"date":"2022-08-10T17:06:28","date_gmt":"2022-08-10T17:06:28","guid":{"rendered":"https:\/\/shop-pop.nl\/?post_type=product&#038;p=18908"},"modified":"2023-08-30T07:47:03","modified_gmt":"2023-08-30T07:47:03","slug":"catclub-kids-polo-gepersonaliseerd","status":"publish","type":"product","link":"https:\/\/shop-pop.nl\/en\/product\/catclub-kids-polo-gepersonaliseerd\/","title":{"rendered":"Catclub kids polo gepersonaliseerd"},"content":{"rendered":"<ul>\n<li>polo voor kids<\/li>\n<li>2 bijpassende gekleurde knopen<\/li>\n<li>100% katoen, 180 g\/m2<\/li>\n<li>Veganistisch<\/li>\n<li>Fair Working Conditions<\/li>\n<li>REACH conform<\/li>\n<li>OEKO-Tex 100<\/li>\n<\/ul>","protected":false},"excerpt":{"rendered":"<p>Mooie Catclub polo gepersonaliseerd met jouw discipline op de borst en logo print op je rug. Mix en match zelf je favoriete kleur polo \u00e9n de kleur van de opdruk. Verkrijgbaar in h\u00e9\u00e9l veel toffe kleuren en in maten mini tot iets minder mini. Bij twijfel, check de maattabel en meet een polo uit de kast op om te vergelijken.<\/p>","protected":false},"featured_media":17351,"comment_status":"open","ping_status":"closed","template":"","meta":{"_acf_changed":false},"product_brand":[],"product_cat":[478,400,578],"product_tag":[338],"class_list":{"0":"post-18908","1":"product","2":"type-product","3":"status-publish","4":"has-post-thumbnail","6":"product_cat-pop-x-catclub","7":"product_cat-fanshops","8":"product_cat-pop-x-catclub-2","9":"product_tag-rwkids","10":"product_shipping_class-bbp","12":"first","13":"instock","14":"taxable","15":"shipping-taxable","16":"purchasable","17":"product-type-variable","18":"layout-style-2","19":"col-md-4 col-sm-4 col-xs-6","20":"col-lg-3","21":"product-has-gallery","22":"product-style-default"},"acf":[],"_links":{"self":[{"href":"https:\/\/shop-pop.nl\/en\/wp-json\/wp\/v2\/product\/18908","targetHints":{"allow":["GET"]}}],"collection":[{"href":"https:\/\/shop-pop.nl\/en\/wp-json\/wp\/v2\/product"}],"about":[{"href":"https:\/\/shop-pop.nl\/en\/wp-json\/wp\/v2\/types\/product"}],"replies":[{"embeddable":true,"href":"https:\/\/shop-pop.nl\/en\/wp-json\/wp\/v2\/comments?post=18908"}],"wp:featuredmedia":[{"embeddable":true,"href":"https:\/\/shop-pop.nl\/en\/wp-json\/wp\/v2\/media\/17351"}],"wp:attachment":[{"href":"https:\/\/shop-pop.nl\/en\/wp-json\/wp\/v2\/media?parent=18908"}],"wp:term":[{"taxonomy":"product_brand","embeddable":true,"href":"https:\/\/shop-pop.nl\/en\/wp-json\/wp\/v2\/product_brand?post=18908"},{"taxonomy":"product_cat","embeddable":true,"href":"https:\/\/shop-pop.nl\/en\/wp-json\/wp\/v2\/product_cat?post=18908"},{"taxonomy":"product_tag","embeddable":true,"href":"https:\/\/shop-pop.nl\/en\/wp-json\/wp\/v2\/product_tag?post=18908"}],"curies":[{"name":"wp","href":"https:\/\/api.w.org\/{rel}","templated":true}]}}