{"id":18905,"date":"2022-08-10T17:06:28","date_gmt":"2022-08-10T17:06:28","guid":{"rendered":"https:\/\/shop-pop.nl\/?post_type=product&#038;p=18905"},"modified":"2023-08-30T20:41:16","modified_gmt":"2023-08-30T20:41:16","slug":"catclub-strandtas-met-logo","status":"publish","type":"product","link":"https:\/\/shop-pop.nl\/en\/product\/catclub-strandtas-met-logo\/","title":{"rendered":"Catclub strandtas met logo"},"content":{"rendered":"<ul>\n<li>stevige katoenen tas<\/li>\n<li>100% organic katoen, 340 g\/m2<\/li>\n<li>38 x 42 cm<\/li>\n<\/ul>","protected":false},"excerpt":{"rendered":"<p>Stevige katoenen blokbodem shopper met Catclub logo. Super cool als strandtas, maar ook groot genoeg voor h\u00e9\u00e9l veel zware boodschappen. Kies zelf je favoriete kleur tas \u00e9n opdruk en maak &#8216;m zo nog meer van jou!<\/p>","protected":false},"featured_media":17339,"comment_status":"closed","ping_status":"closed","template":"","meta":{"_acf_changed":false},"product_brand":[],"product_cat":[478,400,578],"product_tag":[],"class_list":{"0":"post-18905","1":"product","2":"type-product","3":"status-publish","4":"has-post-thumbnail","6":"product_cat-pop-x-catclub","7":"product_cat-fanshops","8":"product_cat-pop-x-catclub-2","9":"product_shipping_class-bbp","11":"first","12":"instock","13":"taxable","14":"shipping-taxable","15":"purchasable","16":"product-type-variable","17":"layout-style-2","18":"col-md-4 col-sm-4 col-xs-6","19":"col-lg-3","20":"product-has-gallery","21":"product-style-default"},"acf":[],"_links":{"self":[{"href":"https:\/\/shop-pop.nl\/en\/wp-json\/wp\/v2\/product\/18905","targetHints":{"allow":["GET"]}}],"collection":[{"href":"https:\/\/shop-pop.nl\/en\/wp-json\/wp\/v2\/product"}],"about":[{"href":"https:\/\/shop-pop.nl\/en\/wp-json\/wp\/v2\/types\/product"}],"replies":[{"embeddable":true,"href":"https:\/\/shop-pop.nl\/en\/wp-json\/wp\/v2\/comments?post=18905"}],"wp:featuredmedia":[{"embeddable":true,"href":"https:\/\/shop-pop.nl\/en\/wp-json\/wp\/v2\/media\/17339"}],"wp:attachment":[{"href":"https:\/\/shop-pop.nl\/en\/wp-json\/wp\/v2\/media?parent=18905"}],"wp:term":[{"taxonomy":"product_brand","embeddable":true,"href":"https:\/\/shop-pop.nl\/en\/wp-json\/wp\/v2\/product_brand?post=18905"},{"taxonomy":"product_cat","embeddable":true,"href":"https:\/\/shop-pop.nl\/en\/wp-json\/wp\/v2\/product_cat?post=18905"},{"taxonomy":"product_tag","embeddable":true,"href":"https:\/\/shop-pop.nl\/en\/wp-json\/wp\/v2\/product_tag?post=18905"}],"curies":[{"name":"wp","href":"https:\/\/api.w.org\/{rel}","templated":true}]}}