{"id":18874,"date":"2022-08-10T17:06:18","date_gmt":"2022-08-10T17:06:18","guid":{"rendered":"https:\/\/shop-pop.nl\/?post_type=product&#038;p=18874"},"modified":"2023-03-28T12:46:44","modified_gmt":"2023-03-28T12:46:44","slug":"kids-surf-floral-t-shirt","status":"publish","type":"product","link":"https:\/\/shop-pop.nl\/en\/product\/kids-surf-floral-t-shirt\/","title":{"rendered":"kids surf floral t-shirt"},"content":{"rendered":"<ul>\n<li>ronde hals t-shirt voor kinderen<\/li>\n<li>comfortabele pasvorm<\/li>\n<li>100% katoen, 150 g\/m\u00b2<\/li>\n<li>Oeko-tex standaard 100<\/li>\n<li>Fair Working Conditions<\/li>\n<li>Reach Conform<\/li>\n<\/ul>","protected":false},"excerpt":{"rendered":"<p>Hoe cool is dit 100% katoenen t-shirt met een print van tropische bloemen!? Verkrijgbaar in h\u00e9\u00e9l veel toffe kleuren en in maten mini tot iets minder mini. Kies zelf je favoriete kleur t-shirt \u00e9n de kleur van de bloemen. Dat maakt &#8216;m extra speciaal!<\/p>","protected":false},"featured_media":17313,"comment_status":"open","ping_status":"closed","template":"","meta":{"_acf_changed":false},"product_brand":[],"product_cat":[410,51],"product_tag":[],"class_list":{"0":"post-18874","1":"product","2":"type-product","3":"status-publish","4":"has-post-thumbnail","6":"product_cat-t-shirt-kids","7":"product_cat-kids","8":"product_shipping_class-bbp","10":"first","11":"instock","12":"taxable","13":"shipping-taxable","14":"purchasable","15":"product-type-variable","16":"layout-style-2","17":"col-md-4 col-sm-4 col-xs-6","18":"col-lg-3","19":"product-style-default"},"acf":[],"_links":{"self":[{"href":"https:\/\/shop-pop.nl\/en\/wp-json\/wp\/v2\/product\/18874","targetHints":{"allow":["GET"]}}],"collection":[{"href":"https:\/\/shop-pop.nl\/en\/wp-json\/wp\/v2\/product"}],"about":[{"href":"https:\/\/shop-pop.nl\/en\/wp-json\/wp\/v2\/types\/product"}],"replies":[{"embeddable":true,"href":"https:\/\/shop-pop.nl\/en\/wp-json\/wp\/v2\/comments?post=18874"}],"wp:featuredmedia":[{"embeddable":true,"href":"https:\/\/shop-pop.nl\/en\/wp-json\/wp\/v2\/media\/17313"}],"wp:attachment":[{"href":"https:\/\/shop-pop.nl\/en\/wp-json\/wp\/v2\/media?parent=18874"}],"wp:term":[{"taxonomy":"product_brand","embeddable":true,"href":"https:\/\/shop-pop.nl\/en\/wp-json\/wp\/v2\/product_brand?post=18874"},{"taxonomy":"product_cat","embeddable":true,"href":"https:\/\/shop-pop.nl\/en\/wp-json\/wp\/v2\/product_cat?post=18874"},{"taxonomy":"product_tag","embeddable":true,"href":"https:\/\/shop-pop.nl\/en\/wp-json\/wp\/v2\/product_tag?post=18874"}],"curies":[{"name":"wp","href":"https:\/\/api.w.org\/{rel}","templated":true}]}}