{"id":18696,"date":"2022-08-10T17:05:19","date_gmt":"2022-08-10T17:05:19","guid":{"rendered":"https:\/\/shop-pop.nl\/?post_type=product&#038;p=18696"},"modified":"2024-02-12T14:25:11","modified_gmt":"2024-02-12T14:25:11","slug":"gw-kids-softshell-jas-met-naam","status":"publish","type":"product","link":"https:\/\/shop-pop.nl\/en\/product\/gw-kids-softshell-jas-met-naam\/","title":{"rendered":"GW kids softshell jas met naam"},"content":{"rendered":"<ul>\n<li>3-laagse softshell jas met capuchon voor kids<\/li>\n<li>afneembare capuchon<\/li>\n<li>zijzakken met ton-sur-ton ritsen<\/li>\n<li>2 zijzakken, 2 binnenzakken en borstzak met rits<\/li>\n<li>elastische band in de boord en verstelbare manchetten met klittenband onderaan de mouw<\/li>\n<li>96% gerecycled polyester, 4% spandex, 280 g\/m2<\/li>\n<li>waterdichtheid 3000 mm<\/li>\n<li>ademend: 1000 MVP<\/li>\n<li>Oeko-tex standaard 100<\/li>\n<\/ul>","protected":false},"excerpt":{"rendered":"<p>Geel-Wit softshell jas met iconische print voor \u00e9n jouw naam op de rug. Kies uit \u00e9\u00e9n van de 4 kleuren en vul je naam in, dat maakt &#8216;m extra uniek!<\/p>","protected":false},"featured_media":17005,"comment_status":"open","ping_status":"closed","template":"","meta":{"_acf_changed":false},"product_brand":[],"product_cat":[394,400,577],"product_tag":[],"class_list":{"0":"post-18696","1":"product","2":"type-product","3":"status-publish","4":"has-post-thumbnail","6":"product_cat-pop-x-geel-wit","7":"product_cat-fanshops","8":"product_cat-pop-x-geel-wit-2","9":"product_shipping_class-pmtt","11":"first","12":"instock","13":"taxable","14":"shipping-taxable","15":"purchasable","16":"product-type-variable","17":"layout-style-2","18":"col-md-4 col-sm-4 col-xs-6","19":"col-lg-3","20":"product-has-gallery","21":"product-style-default"},"acf":[],"_links":{"self":[{"href":"https:\/\/shop-pop.nl\/en\/wp-json\/wp\/v2\/product\/18696","targetHints":{"allow":["GET"]}}],"collection":[{"href":"https:\/\/shop-pop.nl\/en\/wp-json\/wp\/v2\/product"}],"about":[{"href":"https:\/\/shop-pop.nl\/en\/wp-json\/wp\/v2\/types\/product"}],"replies":[{"embeddable":true,"href":"https:\/\/shop-pop.nl\/en\/wp-json\/wp\/v2\/comments?post=18696"}],"wp:featuredmedia":[{"embeddable":true,"href":"https:\/\/shop-pop.nl\/en\/wp-json\/wp\/v2\/media\/17005"}],"wp:attachment":[{"href":"https:\/\/shop-pop.nl\/en\/wp-json\/wp\/v2\/media?parent=18696"}],"wp:term":[{"taxonomy":"product_brand","embeddable":true,"href":"https:\/\/shop-pop.nl\/en\/wp-json\/wp\/v2\/product_brand?post=18696"},{"taxonomy":"product_cat","embeddable":true,"href":"https:\/\/shop-pop.nl\/en\/wp-json\/wp\/v2\/product_cat?post=18696"},{"taxonomy":"product_tag","embeddable":true,"href":"https:\/\/shop-pop.nl\/en\/wp-json\/wp\/v2\/product_tag?post=18696"}],"curies":[{"name":"wp","href":"https:\/\/api.w.org\/{rel}","templated":true}]}}